{"id":241,"date":"2023-12-04T08:27:47","date_gmt":"2023-12-04T07:27:47","guid":{"rendered":"https:\/\/www.flrnsthl.de\/?page_id=241"},"modified":"2025-06-19T11:16:20","modified_gmt":"2025-06-19T09:16:20","slug":"imprint","status":"publish","type":"page","link":"https:\/\/www.flrnsthl.de\/en\/imprint\/","title":{"rendered":"Imprint"},"content":{"rendered":"\n<div class=\"wp-block-florianstahl-wk-container\"><\/div>\n\n\n\n<div class=\"wp-block-florianstahl-wk-container\">\n<h1 class=\"wp-block-heading\">Imprint<\/h1>\n<\/div>\n\n\n\n<div class=\"wp-block-florianstahl-wk-container\">\n<p>Information according to \u00a7 5 TMG<\/p>\n\n\n\n<p>Zauberk\u00fcnsterl Florian Stahl Lohbrink 2c 49143 Bissendorf<\/p>\n\n\n\n<p>Contact Florian Stahl<\/p>\n\n\n\n<p>Phone: +49 (0) 173 572 1505 E-Mail: zauberer@flrnsthl.de<\/p>\n\n\n\n<p>EU dispute resolution<\/p>\n\n\n\n<p>The European Commission provides a platform for online dispute resolution (OS): https:\/\/ec.europa.eu\/consumers\/odr\/.<br>You can find our email address in the legal notice above.<\/p>\n\n\n\n<p>Consumer dispute resolution\/universal arbitration centre<\/p>\n\n\n\n<p>We participate in a dispute resolution procedure before a consumer arbitration board. The universal arbitration board of the Zentrum f\u00fcr Schlichtung e.V., Stra\u00dfburger Stra\u00dfe 8, 77694 Kehl am Rhein (<br>https:\/\/www.verbraucher-schlichter.de).<\/p>\n\n\n\n<p><\/p>\n\n\n\n<p>German Source<\/p>\n\n\n\n<p>eRecht24<\/p>\n\n\n\n<p><\/p>\n\n\n\n<p>Images<\/p>\n\n\n\n<p>The images used on this site have been created privately or have kindly been provided by <a href=\"https:\/\/wiebkehinz-fotografie.de\/\">Marius Bruhn , Wiebke Hinz,<\/a> <a href=\"https:\/\/www.melanie-schipek-fotografie.de\/\">Melanie Schipek<\/a>.<\/p>\n<\/div>\n","protected":false},"excerpt":{"rendered":"","protected":false},"author":1,"featured_media":0,"parent":0,"menu_order":0,"comment_status":"closed","ping_status":"closed","template":"","meta":{"footnotes":""},"class_list":["post-241","page","type-page","status-publish","hentry"],"meta_box":[],"_links":{"self":[{"href":"https:\/\/www.flrnsthl.de\/en\/wp-json\/wp\/v2\/pages\/241"}],"collection":[{"href":"https:\/\/www.flrnsthl.de\/en\/wp-json\/wp\/v2\/pages"}],"about":[{"href":"https:\/\/www.flrnsthl.de\/en\/wp-json\/wp\/v2\/types\/page"}],"author":[{"embeddable":true,"href":"https:\/\/www.flrnsthl.de\/en\/wp-json\/wp\/v2\/users\/1"}],"replies":[{"embeddable":true,"href":"https:\/\/www.flrnsthl.de\/en\/wp-json\/wp\/v2\/comments?post=241"}],"version-history":[{"count":8,"href":"https:\/\/www.flrnsthl.de\/en\/wp-json\/wp\/v2\/pages\/241\/revisions"}],"predecessor-version":[{"id":375,"href":"https:\/\/www.flrnsthl.de\/en\/wp-json\/wp\/v2\/pages\/241\/revisions\/375"}],"wp:attachment":[{"href":"https:\/\/www.flrnsthl.de\/en\/wp-json\/wp\/v2\/media?parent=241"}],"curies":[{"name":"wp","href":"https:\/\/api.w.org\/{rel}","templated":true}]}}